{"id":56,"date":"2022-10-01T12:20:57","date_gmt":"2022-10-01T12:20:57","guid":{"rendered":"https:\/\/viet-canada.com\/?page_id=56"},"modified":"2022-10-15T18:18:51","modified_gmt":"2022-10-15T18:18:51","slug":"about-us","status":"publish","type":"page","link":"https:\/\/allrich.ca\/en\/about-us\/","title":{"rendered":"About Us"},"content":{"rendered":"\n\t<section class=\"section\" id=\"section_79817505\">\n\t\t<div class=\"bg section-bg fill bg-fill  bg-loaded\" >\n\n\t\t\t\n\t\t\t\n\t\t\t\n\n\t\t<\/div>\n\n\t\t\n\n\t\t<div class=\"section-content relative\">\n\t\t\t\n\n\t<div id=\"gap-1929999705\" class=\"gap-element clearfix\" style=\"display:block; height:auto;\">\n\t\t\n<style>\n#gap-1929999705 {\n  padding-top: 30px;\n}\n<\/style>\n\t<\/div>\n\t\n\n<div class=\"row align-middle align-center\"  id=\"row-139894470\">\n\n\n\t<div id=\"col-935106789\" class=\"col medium-12 small-12 large-6\"  >\n\t\t\t\t<div class=\"col-inner\"  >\n\t\t\t\n\t\t\t\n\n<div class=\"row\"  id=\"row-846184063\">\n\n\n\t<div id=\"col-109169285\" class=\"col medium-6 small-12 large-6\"  >\n\t\t\t\t<div class=\"col-inner\"  >\n\t\t\t\n\t\t\t\n\n\n  <div class=\"banner has-hover\" id=\"banner-819650874\">\n          <div class=\"banner-inner fill\">\n        <div class=\"banner-bg fill\" >\n            <div class=\"bg fill bg-fill \"><\/div>\n                                    \n                    <\/div>\n\t\t\n        <div class=\"banner-layers container\">\n            <div class=\"fill banner-link\"><\/div>            \n\n\n        <\/div>\n      <\/div>\n\n              <div class=\"height-fix is-invisible\"><img loading=\"lazy\" decoding=\"async\" width=\"724\" height=\"1024\" src=\"https:\/\/allrich.ca\/wp-content\/uploads\/2022\/10\/Voting-724x1024.png\" class=\"attachment-large size-large\" alt=\"\" srcset=\"https:\/\/allrich.ca\/wp-content\/uploads\/2022\/10\/Voting-724x1024.png 724w, https:\/\/allrich.ca\/wp-content\/uploads\/2022\/10\/Voting-212x300.png 212w, https:\/\/allrich.ca\/wp-content\/uploads\/2022\/10\/Voting-768x1086.png 768w, https:\/\/allrich.ca\/wp-content\/uploads\/2022\/10\/Voting-1086x1536.png 1086w, https:\/\/allrich.ca\/wp-content\/uploads\/2022\/10\/Voting-600x849.png 600w, https:\/\/allrich.ca\/wp-content\/uploads\/2022\/10\/Voting.png 1414w\" sizes=\"auto, (max-width: 724px) 100vw, 724px\" \/><\/div>\n            \n<style>\n#banner-819650874 {\n  padding-top: 99.99%;\n  background-color: rgba(0, 0, 0, 0);\n}\n#banner-819650874 .bg.bg-loaded {\n  background-image: url(https:\/\/allrich.ca\/wp-content\/uploads\/2022\/10\/Voting-724x1024.png);\n}\n#banner-819650874 .ux-shape-divider--top svg {\n  height: 150px;\n  --divider-top-width: 100%;\n}\n#banner-819650874 .ux-shape-divider--bottom svg {\n  height: 150px;\n  --divider-width: 100%;\n}\n@media (min-width:550px) {\n  #banner-819650874 {\n    padding-top: 150%;\n  }\n}\n<\/style>\n  <\/div>\n\n\n\n\t\t<\/div>\n\t\t\t\t\t<\/div>\n\n\t\n\n\t<div id=\"col-211826435\" class=\"col medium-6 small-12 large-6\"  >\n\t\t\t\t<div class=\"col-inner\"  >\n\t\t\t\n\t\t\t\n\n\n  <div class=\"banner has-hover\" id=\"banner-1594013772\">\n          <div class=\"banner-inner fill\">\n        <div class=\"banner-bg fill\" >\n            <div class=\"bg fill bg-fill \"><\/div>\n                                    \n                    <\/div>\n\t\t\n        <div class=\"banner-layers container\">\n            <div class=\"fill banner-link\"><\/div>            \n\n\n        <\/div>\n      <\/div>\n\n            \n<style>\n#banner-1594013772 {\n  padding-top: 60%;\n  background-color: rgba(0, 0, 0, 0);\n}\n#banner-1594013772 .bg.bg-loaded {\n  background-image: url(https:\/\/allrich.ca\/wp-content\/uploads\/2022\/10\/thanksgivings-1.png);\n}\n#banner-1594013772 .ux-shape-divider--top svg {\n  height: 150px;\n  --divider-top-width: 100%;\n}\n#banner-1594013772 .ux-shape-divider--bottom svg {\n  height: 150px;\n  --divider-width: 100%;\n}\n@media (min-width:550px) {\n  #banner-1594013772 {\n    padding-top: 76%;\n  }\n}\n@media (min-width:850px) {\n  #banner-1594013772 {\n    padding-top: 87%;\n  }\n}\n<\/style>\n  <\/div>\n\n\n\n\t\t<\/div>\n\t\t\t\t\t<\/div>\n\n\t\n\n<\/div>\n<div class=\"row align-right\"  id=\"row-345718576\">\n\n\n\t<div id=\"col-153311170\" class=\"col medium-7 small-12 large-7\"  >\n\t\t\t\t<div class=\"col-inner\"  >\n\t\t\t\n\t\t\t\n\n\n  <div class=\"banner has-hover\" id=\"banner-1496701120\">\n          <div class=\"banner-inner fill\">\n        <div class=\"banner-bg fill\" >\n            <div class=\"bg fill bg-fill \"><\/div>\n                                    \n                    <\/div>\n\t\t\n        <div class=\"banner-layers container\">\n            <div class=\"fill banner-link\"><\/div>            \n\n\n        <\/div>\n      <\/div>\n\n            \n<style>\n#banner-1496701120 {\n  padding-top: 60%;\n  background-color: rgba(230, 211, 211, 0);\n}\n#banner-1496701120 .bg.bg-loaded {\n  background-image: url(https:\/\/allrich.ca\/wp-content\/uploads\/2022\/10\/thanksgivings-5.png);\n}\n#banner-1496701120 .ux-shape-divider--top svg {\n  height: 150px;\n  --divider-top-width: 100%;\n}\n#banner-1496701120 .ux-shape-divider--bottom svg {\n  height: 150px;\n  --divider-width: 100%;\n}\n@media (min-width:550px) {\n  #banner-1496701120 {\n    padding-top: 65%;\n  }\n}\n<\/style>\n  <\/div>\n\n\n\n\t\t<\/div>\n\t\t\t\t\n<style>\n#col-153311170 > .col-inner {\n  margin: 0 0px 0px 0px;\n}\n@media (min-width:550px) {\n  #col-153311170 > .col-inner {\n    margin: -290px 0px 0px 0px;\n  }\n}\n@media (min-width:850px) {\n  #col-153311170 > .col-inner {\n    margin: -165px 0px 0px 0px;\n  }\n}\n<\/style>\n\t<\/div>\n\n\t\n\n<\/div>\n\n\t\t<\/div>\n\t\t\t\t\t<\/div>\n\n\t\n\n\t<div id=\"col-850828392\" class=\"col medium-12 small-12 large-6\"  >\n\t\t\t\t<div class=\"col-inner\"  >\n\t\t\t\n\t\t\t\n\n\t<div id=\"text-505786026\" class=\"text\">\n\t\t\n\n<p>All Rich &#8211; Mang Canada \u0111\u1ebfn g\u1ea7n h\u01a1n v\u1edbi b\u1ea1n.<\/p>\n\t\t\n<style>\n#text-505786026 {\n  font-size: 1.35rem;\n  line-height: 1.2;\n  text-align: center;\n  color: rgb(218, 30, 30);\n}\n#text-505786026 > * {\n  color: rgb(218, 30, 30);\n}\n<\/style>\n\t<\/div>\n\t\n<div dir=\"auto\">\n<p><span style=\"font-weight: 400;\">Ba\u0323n y\u00eau m\u00ea\u0301n mu\u0300a thu Canada, ba\u0323n say m\u00ea chi\u00ea\u0301c la\u0301 phong v\u01a1\u0301i s\u0103\u0301c va\u0300ng \u0111o\u0309 \u0111\u0103\u0323c bi\u00ea\u0323t, ba\u0323n y\u00eau m\u00ea\u0301n ca\u0309nh s\u0103\u0301c hu\u0300ng vi\u0303 n\u01a1i co\u0301 nh\u01b0\u0303ng da\u0303y nu\u0301i tuy\u00ea\u0301t hu\u0300ng vi\u0303 ho\u0103\u0323c r\u00e2\u0301t nhi\u00ea\u0300u h\u00f4\u0300 n\u01b0\u01a1\u0301c ngo\u0323t la\u0300m m\u00ea say lo\u0300ng ng\u01b0\u01a1\u0300i?<\/span><\/p>\n<p><span style=\"font-weight: 400;\">N\u01a1i \u0111\u00e2\u0301t n\u01b0\u01a1\u0301c thu\u00f4\u0323c top nh\u01b0\u0303ng qu\u00f4\u0301c gia \u0111a\u0301ng s\u00f4\u0301ng ch\u0103\u0301c ch\u0103\u0301n co\u0301 nh\u01b0\u0303ng sa\u0309n ph\u00e2\u0309m ch\u00e2\u0301t l\u01b0\u01a1\u0323ng cao, la\u0300 bi\u00ea\u0309u t\u01b0\u01a1\u0323ng cu\u0309a \u0111\u00e2\u0301t n\u01b0\u01a1\u0301c va\u0300 con ng\u01b0\u01a1\u0300i n\u01a1i \u0111\u00e2y.<\/span><\/p>\n<p><span style=\"font-weight: 400;\">Ba\u0323n say m\u00ea nh\u01b0\u0303ng con t\u00f4m hu\u0300m thi\u0323t ngo\u0323t th\u01a1m, ba\u0323n thi\u0301ch h\u01b0\u01a1ng vi\u0323 siro la\u0301 phong ngo\u0323t di\u0323u va\u0300 thoang thoa\u0309ng mu\u0300i g\u00f4\u0303, b\u1ea1n \u1ea5n t\u01b0\u1ee3ng v\u1edbi d\u01b0\u1ee3c ph\u1ea9m &#8211; th\u1ef1c ph\u1ea9m b\u1ed3i b\u1ed5 s\u1ee9c kh\u1ecfe mang th\u01b0\u01a1ng hi\u1ec7u Canada<\/span><\/p>\n<\/div>\n<div dir=\"auto\"><strong>All Rich Canada<\/strong> s\u1ebd l\u00e0 c\u1ea7u n\u1ed1i gi\u00fap \u0111em nh\u1eefng s\u1ea3n ph\u1ea9m \u0111\u01b0\u1ee3c tuy\u1ec3n cho\u0323n, ch\u1ea5t l\u01b0\u1ee3ng cao c\u1ee7a Canada \u0111\u1ebfn tay ng\u01b0\u1eddi ti\u00eau d\u00f9ng Vi\u00ea\u0323t Nam.<\/div>\n<div dir=\"auto\">\u00a0<\/div>\n<div dir=\"auto\">\u00a0<\/div>\n\n\n\t\t<\/div>\n\t\t\t\t\n<style>\n#col-850828392 > .col-inner {\n  padding: 0px 0 0px 0px;\n}\n@media (min-width:550px) {\n  #col-850828392 > .col-inner {\n    padding: 0px 10% 0px 0px;\n  }\n}\n@media (min-width:850px) {\n  #col-850828392 > .col-inner {\n    padding: 0px 0px 0px 15%;\n  }\n}\n<\/style>\n\t<\/div>\n\n\t\n\n<\/div>\n\n\t\t<\/div>\n\n\t\t\n<style>\n#section_79817505 {\n  padding-top: 30px;\n  padding-bottom: 30px;\n}\n#section_79817505 .ux-shape-divider--top svg {\n  height: 150px;\n  --divider-top-width: 100%;\n}\n#section_79817505 .ux-shape-divider--bottom svg {\n  height: 150px;\n  --divider-width: 100%;\n}\n<\/style>\n\t<\/section>\n\t\n\t<section class=\"section\" id=\"section_1243553269\">\n\t\t<div class=\"bg section-bg fill bg-fill  bg-loaded\" >\n\n\t\t\t\n\t\t\t\n\t\t\t\n\n\t\t<\/div>\n\n\t\t\n\n\t\t<div class=\"section-content relative\">\n\t\t\t\n\n<div class=\"row\"  id=\"row-194070880\">\n\n\n\t<div id=\"col-1287067990\" class=\"col small-12 large-12\"  >\n\t\t\t\t<div class=\"col-inner\"  >\n\t\t\t\n\t\t\t\n\n<div class=\"row align-equal\"  id=\"row-144498554\">\n\n\n\t<div id=\"col-376780426\" class=\"col small-12 large-12\"  >\n\t\t\t\t<div class=\"col-inner text-center\" style=\"background-color:rgb(255,255,255);\" >\n\t\t\t\n\t\t\t\n\n\n  <div class=\"banner has-hover\" id=\"banner-1575664622\">\n          <div class=\"banner-inner fill\">\n        <div class=\"banner-bg fill\" >\n            <div class=\"bg fill bg-fill \"><\/div>\n                        <div class=\"overlay\"><\/div>            \n                    <\/div>\n\t\t\n        <div class=\"banner-layers container\">\n            <div class=\"fill banner-link\"><\/div>            \n\n   <div id=\"text-box-2028879605\" class=\"text-box banner-layer x95 md-x95 lg-x95 y50 md-y50 lg-y50 res-text\">\n                                <div class=\"text-box-content text box-shadow-3\">\n              \n              <div class=\"text-inner text-center\">\n                  \n\n<h3>Li\u00ean h\u1ec7 v\u1edbi ch\u00fang t\u00f4i<\/h3>\n<p>N\u1ebfu b\u1ea1n c\u1ea7n tr\u1ee3 gi\u00fap ho\u1eb7c mu\u1ed1n bi\u1ebft th\u00eam th\u00f4ng tin v\u1ec1 All Rich, vui l\u00f2ng li\u00ean h\u1ec7 v\u1edbi ch\u00fang t\u00f4i.<span style=\"color: #555555; font-size: 14.4px;\"> \u00a0<\/span><\/p>\n\n<a class=\"button primary is-small lowercase\"  >\n    <span>info@allrich.ca<\/span>\n  <\/a>\n\n\n<a class=\"button primary is-outline is-small lowercase\"  >\n    <span>+1 902-580-4283<\/span>\n  <\/a>\n\n\n\n              <\/div>\n           <\/div>\n                            \n<style>\n#text-box-2028879605 .text-box-content {\n  background-color: rgba(255, 255, 255, 0.86);\n  font-size: 100%;\n}\n#text-box-2028879605 .text-inner {\n  padding: 30px 30px 30px 30px;\n}\n#text-box-2028879605 {\n  width: 60%;\n}\n@media (min-width:550px) {\n  #text-box-2028879605 {\n    width: 40%;\n  }\n}\n<\/style>\n    <\/div>\n \n\n        <\/div>\n      <\/div>\n\n            \n<style>\n#banner-1575664622 {\n  padding-top: 41%;\n}\n#banner-1575664622 .bg.bg-loaded {\n  background-image: url(https:\/\/allrich.ca\/wp-content\/uploads\/2022\/10\/thanksgivings-4.png);\n}\n#banner-1575664622 .overlay {\n  background-color: rgba(0, 0, 0, 0.2);\n}\n#banner-1575664622 .ux-shape-divider--top svg {\n  height: 150px;\n  --divider-top-width: 100%;\n}\n#banner-1575664622 .ux-shape-divider--bottom svg {\n  height: 150px;\n  --divider-width: 100%;\n}\n<\/style>\n  <\/div>\n\n\n<div class=\"is-divider divider clearfix\" ><\/div>\n\n<h2 class=\"elementor-heading-title elementor-size-default\">G\u1eedi Tin Nh\u1eafn Cho Ch\u00fang T\u00f4i<\/h2>\n<p>Ch\u00fang t\u00f4i s\u1ebd li\u00ean l\u1ea1c l\u1ea1i b\u1ea1n trong th\u1eddi gian s\u1edbm nh\u1ea5t.<\/p>\n\n<div class=\"is-divider divider clearfix\" ><\/div>\n\n<div class=\"row align-center\"  id=\"row-237858007\">\n\n\n\t<div id=\"col-1960863640\" class=\"col medium-11 small-12 large-9\"  >\n\t\t\t\t<div class=\"col-inner text-left\"  >\n\t\t\t\n\t\t\t\n\n<div role=\"form\" class=\"wpcf7\" id=\"wpcf7-f7-o1\" lang=\"en-US\" dir=\"ltr\">\n<div class=\"screen-reader-response\"><p role=\"status\" aria-live=\"polite\" aria-atomic=\"true\"><\/p> <ul><\/ul><\/div>\n<form action=\"\/en\/wp-json\/wp\/v2\/pages\/56#wpcf7-f7-o1\" method=\"post\" class=\"wpcf7-form init\" novalidate=\"novalidate\" data-status=\"init\">\n<div style=\"display: none;\">\n<input type=\"hidden\" name=\"_wpcf7\" value=\"7\" \/>\n<input type=\"hidden\" name=\"_wpcf7_version\" value=\"5.6.3\" \/>\n<input type=\"hidden\" name=\"_wpcf7_locale\" value=\"en_US\" \/>\n<input type=\"hidden\" name=\"_wpcf7_unit_tag\" value=\"wpcf7-f7-o1\" \/>\n<input type=\"hidden\" name=\"_wpcf7_container_post\" value=\"0\" \/>\n<input type=\"hidden\" name=\"_wpcf7_posted_data_hash\" value=\"\" \/>\n<\/div>\n<p><label> T\u00ean c\u1ee7a b\u1ea1n (b\u1eaft bu\u1ed9c)<br \/>\n    <span class=\"wpcf7-form-control-wrap\" data-name=\"your-name\"><input type=\"text\" name=\"your-name\" value=\"\" size=\"40\" class=\"wpcf7-form-control wpcf7-text wpcf7-validates-as-required\" aria-required=\"true\" aria-invalid=\"false\" \/><\/span> <\/label><\/p>\n<p><label> \u0110\u1ecba ch\u1ec9 email (b\u1eaft bu\u1ed9c)<br \/>\n    <span class=\"wpcf7-form-control-wrap\" data-name=\"your-email\"><input type=\"email\" name=\"your-email\" value=\"\" size=\"40\" class=\"wpcf7-form-control wpcf7-text wpcf7-email wpcf7-validates-as-required wpcf7-validates-as-email\" aria-required=\"true\" aria-invalid=\"false\" \/><\/span> <\/label><\/p>\n<p><label> Ti\u00eau \u0111\u1ec1 (b\u1eaft bu\u1ed9c)<br \/>\n    <span class=\"wpcf7-form-control-wrap\" data-name=\"your-subject\"><input type=\"text\" name=\"your-subject\" value=\"\" size=\"40\" class=\"wpcf7-form-control wpcf7-text wpcf7-validates-as-required\" aria-required=\"true\" aria-invalid=\"false\" \/><\/span> <\/label><\/p>\n<p><label> Th\u00f4ng \u0111i\u1ec7p<br \/>\n    <span class=\"wpcf7-form-control-wrap\" data-name=\"your-message\"><textarea name=\"your-message\" cols=\"40\" rows=\"10\" class=\"wpcf7-form-control wpcf7-textarea\" aria-invalid=\"false\"><\/textarea><\/span> <\/label><\/p>\n<p><input type=\"submit\" value=\"G\u1eedi \u0111i\" class=\"wpcf7-form-control has-spinner wpcf7-submit\" \/><\/p>\n<p style=\"display: none !important;\"><label>&#916;<textarea name=\"_wpcf7_ak_hp_textarea\" cols=\"45\" rows=\"8\" maxlength=\"100\"><\/textarea><\/label><input type=\"hidden\" id=\"ak_js_1\" name=\"_wpcf7_ak_js\" value=\"228\"\/><script>document.getElementById( \"ak_js_1\" ).setAttribute( \"value\", ( new Date() ).getTime() );<\/script><\/p><div class=\"wpcf7-response-output\" aria-hidden=\"true\"><\/div><\/form><\/div>\n\n\n\t\t<\/div>\n\t\t\t\t\t<\/div>\n\n\t\n\n<\/div>\n\n\t\t<\/div>\n\t\t\t\t\t<\/div>\n\n\t\n\n\t<div id=\"col-1334972980\" class=\"col small-12 large-12\"  >\n\t\t\t\t<div class=\"col-inner text-left\"  >\n\t\t\t\n\t\t\t\n\n\n\t<script type=\"text\/javascript\">\n  jQuery( document ).ready(function() {\n    function initialize() {\n        var styles = {\n            'flatsome':  [{\n            \"featureType\": \"administrative\",\n            \"stylers\": [\n              { \"visibility\": \"on\" }\n            ]\n          },\n          {\n            \"featureType\": \"road\",\n            \"stylers\": [\n              { \"visibility\": \"on\" },\n              { \"hue\": \"#000000\" }\n            ]\n          },\n          {\n            \"stylers\": [\n\t\t\t  { \"visibility\": \"on\" },\n\t\t\t  { \"hue\": \"#000000\" },\n\t\t\t  { \"saturation\": -100 }\n            ]\n          }\n        ]};\n\n        var myLatlng = new google.maps.LatLng(46.2762654, -63.1430704);\n        var myOptions = {\n            zoom: 17,\n            center: myLatlng,\n            mapTypeId: google.maps.MapTypeId.ROADMAP,\n            disableDefaultUI: true,\n            mapTypeId: 'flatsome',\n            draggable: true,\n            zoomControl: true,\n            zoomControlOptions: {\n              position: google.maps.ControlPosition.TOP_LEFT\n            },\n      \t\t\t\/\/ panControl: true,\n            \/\/ panControlOptions: {\n            \/\/   position: google.maps.ControlPosition.TOP_LEFT\n            \/\/ },\n      \t\t\tmapTypeControl: true,\n            mapTypeControlOptions: {\n              position: google.maps.ControlPosition.TOP_LEFT\n            },\n      \t\t\t\/\/ scaleControl: true,\n            \/\/ scaleControlOptions: {\n            \/\/   position: google.maps.ControlPosition.TOP_LEFT\n            \/\/ },\n      \t\t\tstreetViewControl: true,\n            streetViewControlOptions: {\n              position: google.maps.ControlPosition.TOP_LEFT\n            },\n      \t\t\t\/\/ overviewMapControl: true,\n            \/\/ overviewMapControlOptions: {\n            \/\/   position: google.maps.ControlPosition.TOP_LEFT\n            \/\/ },\n            scrollwheel: false,\n            disableDoubleClickZoom: true\n        }\n        var map = new google.maps.Map(document.getElementById(\"map-628755068-inner\"), myOptions);\n        var styledMapType = new google.maps.StyledMapType(styles['flatsome'], {name: 'flatsome'});\n        map.mapTypes.set('flatsome', styledMapType);\n\n        var marker = new google.maps.Marker({\n            position: myLatlng,\n            map: map,\n            title:\"\"\n        });\n    }\n\n    \/\/ Required to proceed\n    if (!(typeof google === 'object' && typeof google.maps === 'object')) {\n      return\n    }\n\n    initialize()\n    google.maps.event.addDomListener(window, 'resize', initialize);\n    });\n    <\/script>\n\n    <div class=\"google-map relative mb\" id=\"map-628755068\">\n        <div class=\"map-height\" id=\"map-628755068-inner\"><\/div>\n        <div id=\"map_overlay_top\"><\/div>\n        <div id=\"map_overlay_bottom\"><\/div>\n                  <div class=\"map_inner map-inner last-reset absolute x100 md-x95 lg-x95 y100 md-y95 lg-y95\">\n              \n\n<h4>\u0110\u1ecba ch\u1ec9<\/h4>\n<p>8 CAMBURHILL COURT \u2013 SUITE 205 CHARLOTTETOWN, PEI, CANADA, C1E 0E2<\/p>\n\n         <\/div>\n       \n       \n<style>\n#map-628755068 .map-inner {\n  background-color: #fff;\n  max-width: 100%;\n}\n#map-628755068 .map-height {\n  height: 400px;\n}\n@media (min-width:550px) {\n  #map-628755068 .map-inner {\n    max-width: 40%;\n  }\n}\n@media (min-width:850px) {\n  #map-628755068 .map-inner {\n    max-width: 30%;\n  }\n}\n<\/style>\n    <\/div>\n\n\t\n\n\t\t<\/div>\n\t\t\t\t\t<\/div>\n\n\t\n\n\n<style>\n#row-144498554 > .col > .col-inner {\n  padding: 40px 40px 40px 40px;\n  background-color: rgb(255,255,255);\n}\n<\/style>\n<\/div>\n\n\t\t<\/div>\n\t\t\t\t\n<style>\n#col-1287067990 > .col-inner {\n  margin: -10px 0px 0px 0px;\n}\n<\/style>\n\t<\/div>\n\n\t\n\n<\/div>\n\n\t\t<\/div>\n\n\t\t\n<style>\n#section_1243553269 {\n  padding-top: 30px;\n  padding-bottom: 30px;\n  background-color: rgb(244, 244, 244);\n}\n#section_1243553269 .ux-shape-divider--top svg {\n  height: 150px;\n  --divider-top-width: 100%;\n}\n#section_1243553269 .ux-shape-divider--bottom svg {\n  height: 150px;\n  --divider-width: 100%;\n}\n<\/style>\n\t<\/section>\n\t\n\n","protected":false},"excerpt":{"rendered":"","protected":false},"author":1,"featured_media":0,"parent":0,"menu_order":0,"comment_status":"closed","ping_status":"closed","template":"page-blank.php","meta":{"footnotes":""},"class_list":["post-56","page","type-page","status-publish","hentry"],"_links":{"self":[{"href":"https:\/\/allrich.ca\/en\/wp-json\/wp\/v2\/pages\/56","targetHints":{"allow":["GET"]}}],"collection":[{"href":"https:\/\/allrich.ca\/en\/wp-json\/wp\/v2\/pages"}],"about":[{"href":"https:\/\/allrich.ca\/en\/wp-json\/wp\/v2\/types\/page"}],"author":[{"embeddable":true,"href":"https:\/\/allrich.ca\/en\/wp-json\/wp\/v2\/users\/1"}],"replies":[{"embeddable":true,"href":"https:\/\/allrich.ca\/en\/wp-json\/wp\/v2\/comments?post=56"}],"version-history":[{"count":5,"href":"https:\/\/allrich.ca\/en\/wp-json\/wp\/v2\/pages\/56\/revisions"}],"predecessor-version":[{"id":609,"href":"https:\/\/allrich.ca\/en\/wp-json\/wp\/v2\/pages\/56\/revisions\/609"}],"wp:attachment":[{"href":"https:\/\/allrich.ca\/en\/wp-json\/wp\/v2\/media?parent=56"}],"curies":[{"name":"wp","href":"https:\/\/api.w.org\/{rel}","templated":true}]}}