{"id":243,"date":"2022-10-03T00:23:08","date_gmt":"2022-10-03T00:23:08","guid":{"rendered":"https:\/\/viet-canada.com\/?page_id=243"},"modified":"2022-10-21T15:30:53","modified_gmt":"2022-10-21T15:30:53","slug":"becomepartner","status":"publish","type":"page","link":"https:\/\/allrich.ca\/en\/becomepartner\/","title":{"rendered":"BecomePartner"},"content":{"rendered":"\n\t<section class=\"section dark\" id=\"section_941384994\">\n\t\t<div class=\"bg section-bg fill bg-fill  \" >\n\n\t\t\t\n\t\t\t<div class=\"section-bg-overlay absolute fill\"><\/div>\n\t\t\t\n\n\t\t<\/div>\n\n\t\t\n\n\t\t<div class=\"section-content relative\">\n\t\t\t\n\n<div class=\"row\"  id=\"row-1883077053\">\n\n\n\t<div id=\"col-257152276\" class=\"col medium-12 small-12 large-12\"  >\n\t\t\t\t<div class=\"col-inner\"  >\n\t\t\t\n\t\t\t\n\n\t<div id=\"gap-1478974118\" class=\"gap-element clearfix\" style=\"display:block; height:auto;\">\n\t\t\n<style>\n#gap-1478974118 {\n  padding-top: 30px;\n}\n<\/style>\n\t<\/div>\n\t\n\n\t<div id=\"text-753689099\" class=\"text\">\n\t\t\n\n<h2 class=\"uppercase\">Tr\u1edf th\u00e0nh \u0111\u1ed1i t\u00e1c c\u1ee7a all rich?<\/h2>\n\t\t\n<style>\n#text-753689099 {\n  font-size: 2rem;\n  line-height: 1.3;\n  text-align: center;\n}\n@media (min-width:850px) {\n  #text-753689099 {\n    text-align: center;\n  }\n}\n<\/style>\n\t<\/div>\n\t\n\n\t\t<\/div>\n\t\t\t\t\n<style>\n#col-257152276 > .col-inner {\n  padding: 0px 0px 0px 0;\n}\n@media (min-width:550px) {\n  #col-257152276 > .col-inner {\n    padding: 0px 10% 0px 10%;\n  }\n}\n<\/style>\n\t<\/div>\n\n\t\n\n<\/div>\n<div class=\"message-box relative dark\" style=\"padding-top:15px;padding-bottom:15px;\"><div class=\"message-box-bg-image bg-fill fill\" style=\"background-image:url(https:\/\/allrich.ca\/wp-content\/uploads\/2022\/10\/Earth-Science-Google-Form-Header-1-1024x256.png);\"><\/div><div class=\"message-box-bg-overlay bg-fill fill\" style=\"background-color:rgb(203, 11, 11);\"><\/div><div class=\"container relative\"><div class=\"inner last-reset\">\n\n<div class=\"row align-middle align-center\"  id=\"row-1062182608\">\n\n\n\t<div id=\"col-747677110\" class=\"col medium-9 small-12 large-9\"  >\n\t\t\t\t<div class=\"col-inner\"  >\n\t\t\t\n\t\t\t\n\n\t<div id=\"text-899359905\" class=\"text\">\n\t\t\n\n<p>B\u1ea1n \u0111ang t\u00ecm ki\u1ebfm c\u01a1 h\u1ed9i xu\u1ea5t kh\u1ea9u sang ph\u1ea9m sang th\u1ecb tr\u01b0\u1eddng Canada? Ho\u1eb7c b\u1ea1n \u0111ang mu\u1ed1n \u0111\u01b0a c\u00e1c s\u1ea3n ph\u1ea9m th\u01b0\u01a1ng hi\u1ec7u Canada \u0111\u1ebfn tay ng\u01b0\u1eddi ti\u00eau d\u00f9ng Vi\u1ec7t Nam? H\u00e3y kh\u00e1m ph\u00e1 th\u00eam nh\u1eefng c\u01a1 h\u1ed9i h\u1ee3p t\u00e1c gi\u1eefa b\u1ea1n v\u00e0 All Rich.<\/p>\n\t\t\n<style>\n#text-899359905 {\n  color: rgb(236, 222, 222);\n}\n#text-899359905 > * {\n  color: rgb(236, 222, 222);\n}\n<\/style>\n\t<\/div>\n\t\n\n\t\t<\/div>\n\t\t\t\t\t<\/div>\n\n\t\n\n\t<div id=\"col-2005001832\" class=\"col medium-2 small-12 large-2\"  >\n\t\t\t\t<div class=\"col-inner text-center\"  >\n\t\t\t\n\t\t\t\n\n<a class=\"button white is-outline is-small\"  style=\"border-radius:99px;\">\n    <span>Li\u00ean h\u1ec7 ch\u00fang t\u00f4i<\/span>\n  <\/a>\n\n\n\n\t\t<\/div>\n\t\t\t\t\t<\/div>\n\n\t\n\n<\/div>\n\n<\/div><\/div><\/div>\n\n\t\t<\/div>\n\n\t\t\n<style>\n#section_941384994 {\n  padding-top: 30px;\n  padding-bottom: 30px;\n  min-height: 500px;\n}\n#section_941384994 .section-bg-overlay {\n  background-color: rgba(0, 0, 0, 0.3);\n}\n#section_941384994 .section-bg.bg-loaded {\n  background-image: url(https:\/\/allrich.ca\/wp-content\/uploads\/2022\/10\/thanksgivings-7.png);\n}\n#section_941384994 .section-bg {\n  background-position: 100% 28%;\n}\n#section_941384994 .ux-shape-divider--top svg {\n  height: 150px;\n  --divider-top-width: 100%;\n}\n#section_941384994 .ux-shape-divider--bottom svg {\n  height: 150px;\n  --divider-width: 100%;\n}\n<\/style>\n\t<\/section>\n\t\n\n\n<div class=\"wpforms-container wpforms-container-full\" id=\"wpforms-321\"><form id=\"wpforms-form-321\" class=\"wpforms-validate wpforms-form wpforms-ajax-form\" data-formid=\"321\" method=\"post\" enctype=\"multipart\/form-data\" action=\"\/en\/wp-json\/wp\/v2\/pages\/243\" data-token=\"c006bc5bde52e43d2a3db78a1bb5ddbc\"><noscript class=\"wpforms-error-noscript\">Please enable JavaScript in your browser to complete this form.<\/noscript><div class=\"wpforms-field-container\"><div id=\"wpforms-321-field_0-container\" class=\"wpforms-field wpforms-field-name\" data-field-id=\"0\"><label class=\"wpforms-field-label\" for=\"wpforms-321-field_0\">Name <span class=\"wpforms-required-label\">*<\/span><\/label><div class=\"wpforms-field-row wpforms-field-medium\"><div class=\"wpforms-field-row-block wpforms-first wpforms-one-half\"><input type=\"text\" id=\"wpforms-321-field_0\" class=\"wpforms-field-name-first wpforms-field-required\" name=\"wpforms[fields][0][first]\" required><label for=\"wpforms-321-field_0\" class=\"wpforms-field-sublabel after \">First<\/label><\/div><div class=\"wpforms-field-row-block wpforms-one-half\"><input type=\"text\" id=\"wpforms-321-field_0-last\" class=\"wpforms-field-name-last wpforms-field-required\" name=\"wpforms[fields][0][last]\" required><label for=\"wpforms-321-field_0-last\" class=\"wpforms-field-sublabel after \">Last<\/label><\/div><\/div><\/div><div id=\"wpforms-321-field_1-container\" class=\"wpforms-field wpforms-field-email\" data-field-id=\"1\"><label class=\"wpforms-field-label\" for=\"wpforms-321-field_1\">Phone <span class=\"wpforms-required-label\">*<\/span><\/label><input type=\"email\" id=\"wpforms-321-field_1\" class=\"wpforms-field-medium wpforms-field-required\" name=\"wpforms[fields][1]\" required><\/div><div id=\"wpforms-321-field_3-container\" class=\"wpforms-field wpforms-field-text\" data-field-id=\"3\"><label class=\"wpforms-field-label\" for=\"wpforms-321-field_3\">Email <span class=\"wpforms-required-label\">*<\/span><\/label><input type=\"text\" id=\"wpforms-321-field_3\" class=\"wpforms-field-medium wpforms-field-required\" name=\"wpforms[fields][3]\" required><\/div><div id=\"wpforms-321-field_4-container\" class=\"wpforms-field wpforms-field-checkbox\" data-field-id=\"4\"><label class=\"wpforms-field-label\" for=\"wpforms-321-field_4\">Your company&#039;s major industry<\/label><ul id=\"wpforms-321-field_4\"><li class=\"choice-1 depth-1\"><input type=\"checkbox\" id=\"wpforms-321-field_4_1\" name=\"wpforms[fields][4][]\" value=\"Food manufacturer\"  ><label class=\"wpforms-field-label-inline\" for=\"wpforms-321-field_4_1\">Food manufacturer<\/label><\/li><li class=\"choice-2 depth-1\"><input type=\"checkbox\" id=\"wpforms-321-field_4_2\" name=\"wpforms[fields][4][]\" value=\"Restaurant manufacture\"  ><label class=\"wpforms-field-label-inline\" for=\"wpforms-321-field_4_2\">Restaurant manufacture<\/label><\/li><li class=\"choice-3 depth-1\"><input type=\"checkbox\" id=\"wpforms-321-field_4_3\" name=\"wpforms[fields][4][]\" value=\"Import and export food company\"  ><label class=\"wpforms-field-label-inline\" for=\"wpforms-321-field_4_3\">Import and export food company<\/label><\/li><li class=\"choice-4 depth-1\"><input type=\"checkbox\" id=\"wpforms-321-field_4_4\" name=\"wpforms[fields][4][]\" value=\"Other\"  ><label class=\"wpforms-field-label-inline\" for=\"wpforms-321-field_4_4\">Other<\/label><\/li><\/ul><\/div><div id=\"wpforms-321-field_5-container\" class=\"wpforms-field wpforms-field-radio\" data-field-id=\"5\"><label class=\"wpforms-field-label\" for=\"wpforms-321-field_5\">Is your company registered<\/label><ul id=\"wpforms-321-field_5\"><li class=\"choice-1 depth-1\"><input type=\"radio\" id=\"wpforms-321-field_5_1\" name=\"wpforms[fields][5]\" value=\"Yes\"  ><label class=\"wpforms-field-label-inline\" for=\"wpforms-321-field_5_1\">Yes<\/label><\/li><li class=\"choice-2 depth-1\"><input type=\"radio\" id=\"wpforms-321-field_5_2\" name=\"wpforms[fields][5]\" value=\"No\"  ><label class=\"wpforms-field-label-inline\" for=\"wpforms-321-field_5_2\">No<\/label><\/li><\/ul><\/div><div id=\"wpforms-321-field_6-container\" class=\"wpforms-field wpforms-field-text\" data-field-id=\"6\"><label class=\"wpforms-field-label\" for=\"wpforms-321-field_6\">Input your company tax code\/personal tax code (If any)<\/label><input type=\"text\" id=\"wpforms-321-field_6\" class=\"wpforms-field-medium\" name=\"wpforms[fields][6]\" ><\/div><\/div><div class=\"wpforms-submit-container\"><input type=\"hidden\" name=\"wpforms[id]\" value=\"321\"><input type=\"hidden\" name=\"wpforms[author]\" value=\"1\"><button type=\"submit\" name=\"wpforms[submit]\" id=\"wpforms-submit-321\" class=\"wpforms-submit\" data-alt-text=\"Sending...\" data-submit-text=\"Submit\" aria-live=\"assertive\" value=\"wpforms-submit\">Submit<\/button><img loading=\"lazy\" decoding=\"async\" src=\"https:\/\/allrich.ca\/wp-content\/plugins\/wpforms-lite\/assets\/images\/submit-spin.svg\" class=\"wpforms-submit-spinner\" style=\"display: none;\" width=\"26\" height=\"26\" alt=\"Loading\"><\/div><\/form><\/div>  <!-- .wpforms-container -->","protected":false},"excerpt":{"rendered":"","protected":false},"author":1,"featured_media":0,"parent":0,"menu_order":0,"comment_status":"closed","ping_status":"closed","template":"","meta":{"footnotes":""},"class_list":["post-243","page","type-page","status-publish","hentry"],"_links":{"self":[{"href":"https:\/\/allrich.ca\/en\/wp-json\/wp\/v2\/pages\/243","targetHints":{"allow":["GET"]}}],"collection":[{"href":"https:\/\/allrich.ca\/en\/wp-json\/wp\/v2\/pages"}],"about":[{"href":"https:\/\/allrich.ca\/en\/wp-json\/wp\/v2\/types\/page"}],"author":[{"embeddable":true,"href":"https:\/\/allrich.ca\/en\/wp-json\/wp\/v2\/users\/1"}],"replies":[{"embeddable":true,"href":"https:\/\/allrich.ca\/en\/wp-json\/wp\/v2\/comments?post=243"}],"version-history":[{"count":9,"href":"https:\/\/allrich.ca\/en\/wp-json\/wp\/v2\/pages\/243\/revisions"}],"predecessor-version":[{"id":926,"href":"https:\/\/allrich.ca\/en\/wp-json\/wp\/v2\/pages\/243\/revisions\/926"}],"wp:attachment":[{"href":"https:\/\/allrich.ca\/en\/wp-json\/wp\/v2\/media?parent=243"}],"curies":[{"name":"wp","href":"https:\/\/api.w.org\/{rel}","templated":true}]}}